{"id":125,"date":"2025-06-23T12:26:11","date_gmt":"2025-06-23T10:26:11","guid":{"rendered":"https:\/\/idrac2025.vous-accueille.com\/yamadou\/?post_type=product&#038;p=125"},"modified":"2025-06-23T12:58:37","modified_gmt":"2025-06-23T10:58:37","slug":"sweat-shirt-homme","status":"publish","type":"product","link":"https:\/\/idrac2025.vous-accueille.com\/yamadou\/produit\/sweat-shirt-homme\/","title":{"rendered":"Sweat-shirt Homme"},"content":{"rendered":"<p>PR\u00c9R\u00c9TR\u00c9CI\u00a0&amp; PR\u00c9LAV\u00c9<br \/>\nCONFORT &amp; INT\u00c9RIEUR NON PELUCHEUX<br \/>\nDOUBLE COUTURE AUX \u00c9PAULES, TAILLE ET POIGNETS POUR UNE MEILLEURE DURABILIT\u00c9<br \/>\nARRI\u00c8RE COL RENFORC\u00c9<br \/>\nCAPUCHE DOUBLE \u00c9PAISSEUR<br \/>\nPOCHE KANGOUROU<br \/>\nNON \u00c9TIQUET\u00c9<\/p>\n<p>RENDU IMPRESSION OPTIMIS\u00c9<\/p>\n<p>&nbsp;<\/p>\n","protected":false},"excerpt":{"rendered":"<p>PR\u00c9R\u00c9TR\u00c9CI\u00a0&amp; PR\u00c9LAV\u00c9 CONFORT &amp; INT\u00c9RIEUR NON PELUCHEUX DOUBLE COUTURE AUX \u00c9PAULES, TAILLE ET POIGNETS POUR UNE MEILLEURE DURABILIT\u00c9 ARRI\u00c8RE COL RENFORC\u00c9 CAPUCHE DOUBLE \u00c9PAISSEUR POCHE KANGOUROU NON \u00c9TIQUET\u00c9 RENDU IMPRESSION OPTIMIS\u00c9 &nbsp;<\/p>\n","protected":false},"featured_media":122,"comment_status":"open","ping_status":"closed","template":"","meta":[],"product_brand":[],"product_cat":[38],"product_tag":[],"class_list":{"0":"post-125","1":"product","2":"type-product","3":"status-publish","4":"has-post-thumbnail","6":"product_cat-sweatshirt","8":"first","9":"instock","10":"taxable","11":"shipping-taxable","12":"purchasable","13":"product-type-variable"},"_links":{"self":[{"href":"https:\/\/idrac2025.vous-accueille.com\/yamadou\/wp-json\/wp\/v2\/product\/125","targetHints":{"allow":["GET"]}}],"collection":[{"href":"https:\/\/idrac2025.vous-accueille.com\/yamadou\/wp-json\/wp\/v2\/product"}],"about":[{"href":"https:\/\/idrac2025.vous-accueille.com\/yamadou\/wp-json\/wp\/v2\/types\/product"}],"replies":[{"embeddable":true,"href":"https:\/\/idrac2025.vous-accueille.com\/yamadou\/wp-json\/wp\/v2\/comments?post=125"}],"wp:featuredmedia":[{"embeddable":true,"href":"https:\/\/idrac2025.vous-accueille.com\/yamadou\/wp-json\/wp\/v2\/media\/122"}],"wp:attachment":[{"href":"https:\/\/idrac2025.vous-accueille.com\/yamadou\/wp-json\/wp\/v2\/media?parent=125"}],"wp:term":[{"taxonomy":"product_brand","embeddable":true,"href":"https:\/\/idrac2025.vous-accueille.com\/yamadou\/wp-json\/wp\/v2\/product_brand?post=125"},{"taxonomy":"product_cat","embeddable":true,"href":"https:\/\/idrac2025.vous-accueille.com\/yamadou\/wp-json\/wp\/v2\/product_cat?post=125"},{"taxonomy":"product_tag","embeddable":true,"href":"https:\/\/idrac2025.vous-accueille.com\/yamadou\/wp-json\/wp\/v2\/product_tag?post=125"}],"curies":[{"name":"wp","href":"https:\/\/api.w.org\/{rel}","templated":true}]}}