{"id":110,"date":"2025-06-23T12:39:44","date_gmt":"2025-06-23T10:39:44","guid":{"rendered":"https:\/\/idrac2025.vous-accueille.com\/elisa\/?post_type=product&#038;p=110"},"modified":"2025-06-23T12:49:31","modified_gmt":"2025-06-23T10:49:31","slug":"amelot-classique-impermeable-long","status":"publish","type":"product","link":"https:\/\/idrac2025.vous-accueille.com\/elisa\/produit\/amelot-classique-impermeable-long\/","title":{"rendered":"Amelot Classique &#8211; Imperm\u00e9able long"},"content":{"rendered":"<p>Amelot est notre veste imperm\u00e9able phare. Con\u00e7ue en polyester recycl\u00e9, son tissu est imperm\u00e9able et respirant. Mod\u00e8le mixte et citadin pr\u00eat \u00e0 vous accompagner dans toutes vos aventures, il poss\u00e8de des poches zipp\u00e9es pour garder vos objets de valeur \u00e0 l\u2019abri. Ses coutures sont thermocoll\u00e9es et ses fermetures \u00e9clairs sont imperm\u00e9ables pour vous garantir une protection de qualit\u00e9 contre la pluie.<\/p>\n<p><strong>Lavage &amp; entretien<\/strong><\/p>\n<ul>\n<li>Fermer tous les zips<\/li>\n<li>Laver \u00e0 froid, max 30\u00b0<\/li>\n<li>Utiliser le programme d\u00e9licat<\/li>\n<li>Essorage mod\u00e9r\u00e9<\/li>\n<li>Pas de s\u00e9chage en s\u00e8che-linge<\/li>\n<li>Lessive liquide<\/li>\n<li>Pas d\u2019adoucissant<\/li>\n<li>Ne pas repasser<\/li>\n<li>D\u00e9froissage \u00e0 vapeur<\/li>\n<\/ul>\n","protected":false},"excerpt":{"rendered":"<p><strong>Coupe droite<\/strong>\u00a0&#8211; Ni trop ajust\u00e9e ni trop ample. Choisissez votre taille habituelle. La pi\u00e8ce id\u00e9ale pour une tenue confortable et polyvalente au quotidien.<\/p>\n","protected":false},"featured_media":109,"comment_status":"open","ping_status":"closed","template":"","meta":[],"product_brand":[],"product_cat":[20],"product_tag":[],"class_list":{"0":"post-110","1":"product","2":"type-product","3":"status-publish","4":"has-post-thumbnail","6":"product_cat-jackets","8":"first","9":"instock","10":"taxable","11":"shipping-taxable","12":"purchasable","13":"product-type-variable","14":"has-default-attributes"},"_links":{"self":[{"href":"https:\/\/idrac2025.vous-accueille.com\/elisa\/wp-json\/wp\/v2\/product\/110","targetHints":{"allow":["GET"]}}],"collection":[{"href":"https:\/\/idrac2025.vous-accueille.com\/elisa\/wp-json\/wp\/v2\/product"}],"about":[{"href":"https:\/\/idrac2025.vous-accueille.com\/elisa\/wp-json\/wp\/v2\/types\/product"}],"replies":[{"embeddable":true,"href":"https:\/\/idrac2025.vous-accueille.com\/elisa\/wp-json\/wp\/v2\/comments?post=110"}],"wp:featuredmedia":[{"embeddable":true,"href":"https:\/\/idrac2025.vous-accueille.com\/elisa\/wp-json\/wp\/v2\/media\/109"}],"wp:attachment":[{"href":"https:\/\/idrac2025.vous-accueille.com\/elisa\/wp-json\/wp\/v2\/media?parent=110"}],"wp:term":[{"taxonomy":"product_brand","embeddable":true,"href":"https:\/\/idrac2025.vous-accueille.com\/elisa\/wp-json\/wp\/v2\/product_brand?post=110"},{"taxonomy":"product_cat","embeddable":true,"href":"https:\/\/idrac2025.vous-accueille.com\/elisa\/wp-json\/wp\/v2\/product_cat?post=110"},{"taxonomy":"product_tag","embeddable":true,"href":"https:\/\/idrac2025.vous-accueille.com\/elisa\/wp-json\/wp\/v2\/product_tag?post=110"}],"curies":[{"name":"wp","href":"https:\/\/api.w.org\/{rel}","templated":true}]}}